{"id":170,"date":"2014-04-14T10:47:20","date_gmt":"2014-04-14T10:47:20","guid":{"rendered":"http:\/\/iedu.pl\/?page_id=170"},"modified":"2014-04-14T10:47:53","modified_gmt":"2014-04-14T10:47:53","slug":"oze-2","status":"publish","type":"page","link":"https:\/\/iedu.pl\/?page_id=170","title":{"rendered":"OZE"},"content":{"rendered":"<p>Otwarte Zasoby Edukacyjne, jednak polski termin, bo uda\u0142o si\u0119 dobrze przet\u0142umaczy\u0107 angloj\u0119zyczne <em>Open Educational Resources<\/em>.<\/p>\n","protected":false},"excerpt":{"rendered":"<p>Otwarte Zasoby Edukacyjne, jednak polski termin, bo uda\u0142o si\u0119 dobrze przet\u0142umaczy\u0107 angloj\u0119zyczne Open Educational Resources.<\/p>\n","protected":false},"author":1,"featured_media":0,"parent":0,"menu_order":0,"comment_status":"open","ping_status":"open","template":"","meta":{"footnotes":""},"class_list":["post-170","page","type-page","status-publish","hentry"],"_links":{"self":[{"href":"https:\/\/iedu.pl\/index.php?rest_route=\/wp\/v2\/pages\/170"}],"collection":[{"href":"https:\/\/iedu.pl\/index.php?rest_route=\/wp\/v2\/pages"}],"about":[{"href":"https:\/\/iedu.pl\/index.php?rest_route=\/wp\/v2\/types\/page"}],"author":[{"embeddable":true,"href":"https:\/\/iedu.pl\/index.php?rest_route=\/wp\/v2\/users\/1"}],"replies":[{"embeddable":true,"href":"https:\/\/iedu.pl\/index.php?rest_route=%2Fwp%2Fv2%2Fcomments&post=170"}],"version-history":[{"count":1,"href":"https:\/\/iedu.pl\/index.php?rest_route=\/wp\/v2\/pages\/170\/revisions"}],"predecessor-version":[{"id":171,"href":"https:\/\/iedu.pl\/index.php?rest_route=\/wp\/v2\/pages\/170\/revisions\/171"}],"wp:attachment":[{"href":"https:\/\/iedu.pl\/index.php?rest_route=%2Fwp%2Fv2%2Fmedia&parent=170"}],"curies":[{"name":"wp","href":"https:\/\/api.w.org\/{rel}","templated":true}]}}