{"id":172,"date":"2014-04-14T10:48:10","date_gmt":"2014-04-14T10:48:10","guid":{"rendered":"http:\/\/iedu.pl\/?page_id=172"},"modified":"2014-04-14T10:48:17","modified_gmt":"2014-04-14T10:48:17","slug":"tel-2","status":"publish","type":"page","link":"https:\/\/iedu.pl\/?page_id=172","title":{"rendered":"TEL"},"content":{"rendered":"<p>Od kiedy pami\u0119tam walczy\u0142em z ma\u0142o przystaj\u0105cymi do orygina\u0142u t\u0142umaczeniami terminu <em>eLearning<\/em>. Nie poleg\u0142em, ale nas\u0142ucha\u0142em si\u0119 sporo na temat mojego rzekomego braku szacunku dla j\u0119zyka ojczystego. A mnie po prostu do bia\u0142ej gor\u0105czki doprowadza\u0142o m\u00f3wienie o <strong>e-nauczaniu<\/strong>, bo znam niestety dla mnie angielski i rozr\u00f3\u017cniam czasowniki <em>to teach<\/em> i <em>to learn<\/em>. Aby wi\u0119c nie kontynuowa\u0107 tej akademickiej dyskusji&#8230; rozp\u0119tuj\u0119 now\u0105? B\u0119d\u0119 pisa\u0142 na tym portalu o <em>Technology Enhanced Learning<\/em>.<\/p>\n","protected":false},"excerpt":{"rendered":"<p>Od kiedy pami\u0119tam walczy\u0142em z ma\u0142o przystaj\u0105cymi do orygina\u0142u t\u0142umaczeniami terminu eLearning. Nie poleg\u0142em, ale nas\u0142ucha\u0142em si\u0119 sporo na temat mojego rzekomego braku szacunku dla j\u0119zyka ojczystego. A mnie po prostu do bia\u0142ej gor\u0105czki doprowadza\u0142o m\u00f3wienie o e-nauczaniu, bo znam niestety dla mnie angielski i rozr\u00f3\u017cniam czasowniki to teach i to learn. Aby wi\u0119c nie &hellip; <\/p>\n<p class=\"link-more\"><a href=\"https:\/\/iedu.pl\/?page_id=172\" class=\"more-link\">Czytaj dalej<span class=\"screen-reader-text\"> \u201eTEL\u201d<\/span><\/a><\/p>\n","protected":false},"author":1,"featured_media":0,"parent":0,"menu_order":0,"comment_status":"open","ping_status":"open","template":"","meta":{"footnotes":""},"class_list":["post-172","page","type-page","status-publish","hentry"],"_links":{"self":[{"href":"https:\/\/iedu.pl\/index.php?rest_route=\/wp\/v2\/pages\/172"}],"collection":[{"href":"https:\/\/iedu.pl\/index.php?rest_route=\/wp\/v2\/pages"}],"about":[{"href":"https:\/\/iedu.pl\/index.php?rest_route=\/wp\/v2\/types\/page"}],"author":[{"embeddable":true,"href":"https:\/\/iedu.pl\/index.php?rest_route=\/wp\/v2\/users\/1"}],"replies":[{"embeddable":true,"href":"https:\/\/iedu.pl\/index.php?rest_route=%2Fwp%2Fv2%2Fcomments&post=172"}],"version-history":[{"count":1,"href":"https:\/\/iedu.pl\/index.php?rest_route=\/wp\/v2\/pages\/172\/revisions"}],"predecessor-version":[{"id":173,"href":"https:\/\/iedu.pl\/index.php?rest_route=\/wp\/v2\/pages\/172\/revisions\/173"}],"wp:attachment":[{"href":"https:\/\/iedu.pl\/index.php?rest_route=%2Fwp%2Fv2%2Fmedia&parent=172"}],"curies":[{"name":"wp","href":"https:\/\/api.w.org\/{rel}","templated":true}]}}