{"id":176,"date":"2014-04-14T10:49:30","date_gmt":"2014-04-14T10:49:30","guid":{"rendered":"http:\/\/iedu.pl\/?page_id=176"},"modified":"2014-04-14T11:58:10","modified_gmt":"2014-04-14T11:58:10","slug":"o-mnie","status":"publish","type":"page","link":"https:\/\/iedu.pl\/?page_id=176","title":{"rendered":"O mnie"},"content":{"rendered":"<p><img loading=\"lazy\" decoding=\"async\" class=\"aligncenter\" title=\"RoGaj\" src=\"http:\/\/rogaj.freevar.com\/hp15.jpg\" alt=\"RoGaj\" width=\"320\" height=\"240\" \/><\/p>\n<p>Nazywam si\u0119 Robert Gajewski, a w zasadzie Ryszard Robert Gajewski lub w skr\u00f3cie R.Robert Gajewski. Na codzie\u0144 u\u017cywam drugiego imienia, ale czasy s\u0105 takie, \u017ce mo\u017ce warto zawalczy\u0107 o now\u0105 to\u017csamo\u015b\u0107? W przyrodzie wyst\u0119puj\u0119 tak\u017ce pod innymi nazwami. Gajowy jest jeszcze ze szko\u0142y i nie trudno jest si\u0119 domy\u015ble\u0107 \u017ar\u00f3d\u0142a. Pewn\u0105 mutacj\u0105 Gajowego jest Gajovacko. To pochodna rejs\u00f3w po Chorwacji, gdzie wiele mi\u0142ych nazw ko\u0144czy\u0142o si\u0119 jak Karlovacko w\u0142a\u015bnie na <em>vacko<\/em>. Ostatnie &#8220;przezwisko&#8221; pochodzi z czas\u00f3w stypendium <em>Dekabana<\/em> w Ann-Arbor. Gdy zak\u0142adano mi konto w sieci uczelnianej powsta\u0142 problem wyboru logina. Admin zasugerowa\u0142 pocz\u0105tek imienia i nazwiska i tak powsta\u0142 RoGaj. Dzi\u015b jestem przedmiotem specjalnej troski Pa\u0144stwa i Unii Europejskiej, gdy\u017c nale\u017c\u0119 do elitarnej kategorii 55+ i stanowi\u0119 zaprzeczenie starego powiedzenia, \u017ce ludzie tyle nie \u017cyj\u0105. Od ponad trzydziestu lat jestem tak zwanym pracownikiem naukowo-dydaktycznym Politechniki Warszawskiej i co wi\u0119cej jednoetatowcem. Uczciwo\u015b\u0107 wobec pracodawcy, czy mo\u017ce&#8230; g\u0142upota? Kilka lat temu zdecydowa\u0142em si\u0119 na przeprowadzk\u0119 z Warszawy do Wo\u0142omina, gdzie mieszkam spokojnie w domku pod lasem z \u017con\u0105 Kasi\u0105 i zwierzy\u0144cem: psicami Sar\u0105 i Gap\u0105 oraz kotem Docentem. Jestem zdolnym i zdalnym tele-pracownikiem, czym zmniejszam korki na mitycznej drodze powiatowej 634. S\u0105 te\u017c tego skutki uboczne, bo nieobecni fizycznie (nawet je\u015bli s\u0105 obecni wirtualnie) w naszej rzeczywisto\u015bci ci\u0105gle nie maj\u0105 racji.<\/p>\n<p>Aha, jeszcze jeden detal, tak zwane dzwonki! Jestem zatrudniony na etacie adiunkta, a przed nazwiskiem mam dr hab. in\u017c.<\/p>\n\t<video id=\"wp_mep_1\" src=\"http:\/\/wektor.il.pw.edu.pl\/~rg\/DrB.mp4\"  width=\"480\" height=\"270\"  controls=\"controls\" preload=\"none\"  >\r\n\t\t\r\n\t\t\r\n\t\t\r\n\t\t\r\n\t\t\r\n\t\t\r\n\t\t\r\n\t<\/video>\r\n<script type=\"text\/javascript\">\r\njQuery(document).ready(function($) {\r\n\t$('#wp_mep_1').mediaelementplayer({\r\n\t\tm:1\r\n\t\t\r\n\t\t,features: ['playpause','current','progress','duration','volume','tracks','fullscreen']\r\n\t\t\r\n\t});\r\n});\r\n<\/script>\r\n\n","protected":false},"excerpt":{"rendered":"<p>Nazywam si\u0119 Robert Gajewski, a w zasadzie Ryszard Robert Gajewski lub w skr\u00f3cie R.Robert Gajewski. Na codzie\u0144 u\u017cywam drugiego imienia, ale czasy s\u0105 takie, \u017ce mo\u017ce warto zawalczy\u0107 o now\u0105 to\u017csamo\u015b\u0107? W przyrodzie wyst\u0119puj\u0119 tak\u017ce pod innymi nazwami. Gajowy jest jeszcze ze szko\u0142y i nie trudno jest si\u0119 domy\u015ble\u0107 \u017ar\u00f3d\u0142a. Pewn\u0105 mutacj\u0105 Gajowego jest Gajovacko. &hellip; <\/p>\n<p class=\"link-more\"><a href=\"https:\/\/iedu.pl\/?page_id=176\" class=\"more-link\">Czytaj dalej<span class=\"screen-reader-text\"> \u201eO mnie\u201d<\/span><\/a><\/p>\n","protected":false},"author":1,"featured_media":0,"parent":0,"menu_order":0,"comment_status":"open","ping_status":"open","template":"","meta":{"footnotes":""},"class_list":["post-176","page","type-page","status-publish","hentry"],"_links":{"self":[{"href":"https:\/\/iedu.pl\/index.php?rest_route=\/wp\/v2\/pages\/176"}],"collection":[{"href":"https:\/\/iedu.pl\/index.php?rest_route=\/wp\/v2\/pages"}],"about":[{"href":"https:\/\/iedu.pl\/index.php?rest_route=\/wp\/v2\/types\/page"}],"author":[{"embeddable":true,"href":"https:\/\/iedu.pl\/index.php?rest_route=\/wp\/v2\/users\/1"}],"replies":[{"embeddable":true,"href":"https:\/\/iedu.pl\/index.php?rest_route=%2Fwp%2Fv2%2Fcomments&post=176"}],"version-history":[{"count":4,"href":"https:\/\/iedu.pl\/index.php?rest_route=\/wp\/v2\/pages\/176\/revisions"}],"predecessor-version":[{"id":194,"href":"https:\/\/iedu.pl\/index.php?rest_route=\/wp\/v2\/pages\/176\/revisions\/194"}],"wp:attachment":[{"href":"https:\/\/iedu.pl\/index.php?rest_route=%2Fwp%2Fv2%2Fmedia&parent=176"}],"curies":[{"name":"wp","href":"https:\/\/api.w.org\/{rel}","templated":true}]}}